{"id":1684,"date":"2021-07-26T14:05:39","date_gmt":"2021-07-26T11:05:39","guid":{"rendered":"https:\/\/moldovatruck.md\/?page_id=1684"},"modified":"2023-05-20T22:03:20","modified_gmt":"2023-05-20T19:03:20","slug":"rekomendaczii-pri-perevozki-gruzov-v-puti-sledovaniya","status":"publish","type":"page","link":"https:\/\/moldovatruck.md\/ro\/rekomendaczii-pri-perevozki-gruzov-v-puti-sledovaniya\/","title":{"rendered":"Recomand\u0103ri pentru transportul de m\u0103rfuri \u00een tranzit"},"content":{"rendered":"<p>La plecare, ai grija de schimb valutar, alimente, bunuri personale si documente in prealabil pentru a evita opririle cu marfa in parcari nepazite (langa banci, vama, acasa).<br \/>\nDac\u0103 ave\u021bi \u00eendoieli, v\u0103 rug\u0103m s\u0103 contacta\u021bi compania dumneavoastr\u0103 sau un reprezentant al companiei de expedi\u021bie.<br \/>\n\u00cen cazul unui incident, accident de circula\u021bie, pierdere, deteriorare a m\u0103rfii sau interven\u021bie din partea autorit\u0103\u021bilor vamale:<br \/>\n1. Dac\u0103 este necesar, lua\u021bi toate m\u0103surile necesare pentru a v\u0103 proteja via\u021ba \u0219i s\u0103n\u0103tatea dumneavoastr\u0103 \u0219i a celor din jurul vostru.<br \/>\n2. Lua\u021bi m\u0103suri pentru a preveni deteriorarea sau pierderea ulterioar\u0103 a transportului. \u00cen locurile situate \u00een apropierea zonelor populate, r\u0103m\u00e2ne\u021bi la paza m\u0103rfurilor, a\u0219tept\u00e2nd sosirea autorit\u0103\u021bilor.<br \/>\n3. \u00cencerca\u021bi s\u0103 p\u0103stra\u021bi dovezile fizice \u0219i s\u0103 identifica\u021bi martorii incidentului.<br \/>\n4. \u00cen caz de accident sau infrac\u021biune, informa\u021bi poli\u021bia.<br \/>\n5. Contacta\u021bi compania dvs. de transport sau reprezentantul companiei de expedi\u021bie pentru instruc\u021biuni suplimentare.<br \/>\n6. Dac\u0103 vama solicit\u0103 inspec\u021bia m\u0103rfurilor la frontier\u0103, solicita\u021bi un protocol scris cu urm\u0103torul con\u021binut (sau cel pu\u021bin nota\u021bi-l pe cont propriu):<br \/>\n1.Descrierea, cantitatea \u0219i starea \u00eenc\u0103rc\u0103turii;<br \/>\n2. Num\u0103rul de sigilii vechi \u0219i noi;<br \/>\n3. Numele complet, semn\u0103tura \u0219i sigiliul personal numerotat al vamesului;<br \/>\n4. Ob\u021bine\u021bi o copie a acestui protocol.<\/p>\n<p><b>C\u00e2nd a\u021bi livrat m\u0103rfurile.<\/b><br \/>\n\u00cenainte de a pleca, suna\u021bi-v\u0103 sau cere\u021bi expeditorului sau reprezentantului companiei dumneavoastr\u0103 s\u0103 sune destinatarul \u0219i s\u0103 afle dac\u0103 acesta este preg\u0103tit s\u0103 \u00eent\u00e2lneasc\u0103 marfa, unde, cine se va \u00eent\u00e2lni, s\u0103 convin\u0103 asupra locului \u0219i a tuturor detaliilor procedurilor de desc\u0103rcare \u0219i vamale . Dac\u0103 acest lucru nu v\u0103 este raportat din orice motiv, fi\u021bi extrem de aten\u021bi la documentele prezentate de destinatar.<br \/>\n1. Livra\u021bi numai la sediul specificat \u00een instruc\u021biunile dumneavoastr\u0103 scrise. Aceste instruc\u021biuni scrise ar trebui s\u0103 includ\u0103:<br \/>\n2. Completa\u021bi informa\u021biile specificate \u00een CMR.<br \/>\n3. adresa exacta;<br \/>\n4. numele complet al destinatarului;<br \/>\n5. detaliile pa\u0219aportului persoanei care prime\u0219te m\u0103rfurile.<br \/>\n\u00cencerca\u021bi s\u0103 v\u0103 face\u021bi note scrise despre toate detaliile de desc\u0103rcare, descrierea \u0219i numele persoanelor care au primit marfa, numerele de vehicule, adresele etc.<br \/>\nOferi\u021bi reprezentantului destinatarului o factur\u0103 \u0219i alte documente numai \u00een schimbul procurii originale din partea companiei care con\u021bine datele pa\u0219aportului destinatarului \u0219i certificate de sigiliul companiei.<br \/>\nP\u0103stra\u021bi aceast\u0103 procur\u0103 \u00eempreun\u0103 cu copia dvs. a facturii. Asigura\u021bi-v\u0103 c\u0103 sigiliul destinatarului se potrive\u0219te exact (pe liter\u0103) cu factura \u0219i cu alte documente. Sigiliul rotund al destinatarului nu trebuie s\u0103 con\u021bin\u0103 elemente de compozi\u021bie.<br \/>\nCere\u021bi documente de la vame\u0219ul, nota\u021bi-i numele \u0219i num\u0103rul de identitate. Dup\u0103 desc\u0103rcarea \u00een alte incinte dec\u00e2t cele specificate \u00een scrisoarea de tr\u0103sur\u0103, asigura\u021bi-v\u0103 c\u0103 suna\u021bi pe destinatar folosind numerele pe care le ave\u021bi. Spune\u021bi-i adresa de desc\u0103rcare \u0219i ora de desc\u0103rcare, contacta\u021bi expeditorul.<\/p>","protected":false},"excerpt":{"rendered":"<p>La plecare, ai grija de schimb valutar, alimente, bunuri personale si documente in prealabil pentru a evita opririle cu marfa in parcari nepazite (langa banci, vama, acasa). Dac\u0103 ave\u021bi \u00eendoieli, v\u0103 rug\u0103m s\u0103 contacta\u021bi compania dumneavoastr\u0103 sau un reprezentant al companiei de expedi\u021bie. \u00cen cazul unui incident, accident de circula\u021bie, pierdere, deteriorare a m\u0103rfii sau [&hellip;]<\/p>\n","protected":false},"author":1,"featured_media":0,"parent":0,"menu_order":0,"comment_status":"closed","ping_status":"closed","template":"","meta":{"footnotes":""},"class_list":["post-1684","page","type-page","status-publish","hentry"],"_links":{"self":[{"href":"https:\/\/moldovatruck.md\/ro\/wp-json\/wp\/v2\/pages\/1684"}],"collection":[{"href":"https:\/\/moldovatruck.md\/ro\/wp-json\/wp\/v2\/pages"}],"about":[{"href":"https:\/\/moldovatruck.md\/ro\/wp-json\/wp\/v2\/types\/page"}],"author":[{"embeddable":true,"href":"https:\/\/moldovatruck.md\/ro\/wp-json\/wp\/v2\/users\/1"}],"replies":[{"embeddable":true,"href":"https:\/\/moldovatruck.md\/ro\/wp-json\/wp\/v2\/comments?post=1684"}],"version-history":[{"count":0,"href":"https:\/\/moldovatruck.md\/ro\/wp-json\/wp\/v2\/pages\/1684\/revisions"}],"wp:attachment":[{"href":"https:\/\/moldovatruck.md\/ro\/wp-json\/wp\/v2\/media?parent=1684"}],"curies":[{"name":"wp","href":"https:\/\/api.w.org\/{rel}","templated":true}]}}