{"id":1682,"date":"2021-07-26T14:05:18","date_gmt":"2021-07-26T11:05:18","guid":{"rendered":"https:\/\/moldovatruck.md\/?page_id=1682"},"modified":"2023-05-20T22:01:54","modified_gmt":"2023-05-20T19:01:54","slug":"rekomendaczii-perevozchiku-pri-priyome-gruza","status":"publish","type":"page","link":"https:\/\/moldovatruck.md\/ro\/rekomendaczii-perevozchiku-pri-priyome-gruza\/","title":{"rendered":"Sfaturi pentru transportator la primirea unui transport"},"content":{"rendered":"<p>Ori de c\u00e2te ori este posibil, verifica\u021bi dac\u0103 num\u0103rul de pachete se potrive\u0219te cu documentele, \u00een special cu factura CMR. Face\u021bi comentarii (vezi mai jos) pe factur\u0103 dac\u0103:<br \/>\n1. Nu pute\u021bi face o num\u0103rare exact\u0103 (pentru c\u0103 sunt prea multe pachete sau nu sunt disponibile pentru num\u0103rare).<br \/>\n2. Nu pute\u021bi num\u0103ra \u00eenc\u0103rc\u0103tura deoarece remorca sau containerul este deja sigilat.<br \/>\n3. Nu pute\u021bi determina greutatea exact\u0103 a \u00eenc\u0103rc\u0103turii (de exemplu, atunci c\u00e2nd transporta\u021bi metal, piei s\u0103rate umede etc.)<br \/>\n4. Num\u0103rul de pachete nu corespunde cu cel indicat pe CMR. Pe c\u00e2t pute\u021bi, verifica\u021bi starea expedierii. Face\u021bi comentarii (vezi mai jos) pe factur\u0103 dac\u0103:<br \/>\n5. Din anumite motive, nu pute\u021bi verifica starea m\u0103rfurilor.<br \/>\n6. Exist\u0103 orice deteriorare vizibil\u0103 a transportului.<\/p>\n<p>Verifica\u021bi starea containerului (inclusiv acoperi\u0219ul dac\u0103 acest lucru se poate face f\u0103r\u0103 riscuri pentru via\u021ba dumneavoastr\u0103). Dac\u0103 observa\u021bi probleme cu containerul, nota\u021bi pe factur\u0103. Verifica\u021bi sigiliile, verifica\u021bi starea acestora compar\u00e2nd num\u0103rul sigiliului cu num\u0103rul indicat \u00een documentele relevante. Nu accepta\u021bi expedierea dac\u0103 sigiliul este rupt sau num\u0103rul acestuia nu se potrive\u0219te cu num\u0103rul indicat \u00een documenta\u021bie.<br \/>\nDac\u0103 trebuie s\u0103 face\u021bi rezerve pe CMR, scrie\u021bi clar \u0219i lizibil, data\u021bi \u0219i semna\u021bi ceea ce a\u021bi scris. De exemplu, sunt posibile urm\u0103toarele clauze:<br \/>\n\u201eNu se pot recalcula locurile\u201d \/ \u201eAcceptat f\u0103r\u0103 a recalcula locurile\u201d<br \/>\n\u201eNu se poate verifica calitatea expedierii\u201d \/ \u201eAcceptat f\u0103r\u0103 verificarea calit\u0103\u021bii\u201d<br \/>\n\u201eNu se poate verifica greutatea \u00eenc\u0103rc\u0103turii\u201d \u201eGauri de 6 cm \u00een capacul containerului\u201d<br \/>\n\u201eSunt acceptate doar 1050 de locuri pentru transport\u201d<br \/>\n\u201e2 buc\u0103\u021bi de sticl\u0103 deteriorate\/rupte\u201d<\/p>\n<p>Trebuie s\u0103 cere\u021bi persoanei care v\u0103 pred\u0103 expedierea s\u0103 semneze scrisoarea de parcurs CMR \u0219i s\u0103 confirme astfel deteriorarea sau lipsa notat a transportului. Dac\u0103 aceasta nu reu\u0219e\u0219te, cere\u021bi-i s\u0103 semneze conosamentul, cel pu\u021bin cu avertismentul c\u0103 nu are efect juridic prestabilit.<br \/>\nComentariile dvs. trebuie incluse \u00een toate copiile borderoului CMR. Refuza\u021bi s\u0103 accepta\u021bi expedierea dac\u0103 vi se furnizeaz\u0103 o scrisoare de transport CMR f\u0103r\u0103 o copie a expeditorului (f\u0103r\u0103 prima foaie) pentru a face comentarii. Notifica\u021bi imediat compania dumneavoastr\u0103 sau un reprezentant al companiei de expedi\u021bie<\/p>","protected":false},"excerpt":{"rendered":"<p>Ori de c\u00e2te ori este posibil, verifica\u021bi dac\u0103 num\u0103rul de pachete se potrive\u0219te cu documentele, \u00een special cu factura CMR. Face\u021bi comentarii (vezi mai jos) pe factur\u0103 dac\u0103: 1. Nu pute\u021bi face o num\u0103rare exact\u0103 (pentru c\u0103 sunt prea multe pachete sau nu sunt disponibile pentru num\u0103rare). 2. Nu pute\u021bi num\u0103ra \u00eenc\u0103rc\u0103tura deoarece remorca sau [&hellip;]<\/p>\n","protected":false},"author":1,"featured_media":0,"parent":0,"menu_order":0,"comment_status":"closed","ping_status":"closed","template":"","meta":{"footnotes":""},"class_list":["post-1682","page","type-page","status-publish","hentry"],"_links":{"self":[{"href":"https:\/\/moldovatruck.md\/ro\/wp-json\/wp\/v2\/pages\/1682"}],"collection":[{"href":"https:\/\/moldovatruck.md\/ro\/wp-json\/wp\/v2\/pages"}],"about":[{"href":"https:\/\/moldovatruck.md\/ro\/wp-json\/wp\/v2\/types\/page"}],"author":[{"embeddable":true,"href":"https:\/\/moldovatruck.md\/ro\/wp-json\/wp\/v2\/users\/1"}],"replies":[{"embeddable":true,"href":"https:\/\/moldovatruck.md\/ro\/wp-json\/wp\/v2\/comments?post=1682"}],"version-history":[{"count":0,"href":"https:\/\/moldovatruck.md\/ro\/wp-json\/wp\/v2\/pages\/1682\/revisions"}],"wp:attachment":[{"href":"https:\/\/moldovatruck.md\/ro\/wp-json\/wp\/v2\/media?parent=1682"}],"curies":[{"name":"wp","href":"https:\/\/api.w.org\/{rel}","templated":true}]}}