{"id":1680,"date":"2021-07-26T14:04:58","date_gmt":"2021-07-26T11:04:58","guid":{"rendered":"https:\/\/moldovatruck.md\/?page_id=1680"},"modified":"2023-05-20T22:00:39","modified_gmt":"2023-05-20T19:00:39","slug":"rekomendaczii-dlya-uchastnikov-transportnyh-gruzovyh-perevozok","status":"publish","type":"page","link":"https:\/\/moldovatruck.md\/ro\/rekomendaczii-dlya-uchastnikov-transportnyh-gruzovyh-perevozok\/","title":{"rendered":"Recomand\u0103ri pentru participan\u021bii la transportul de m\u0103rfuri"},"content":{"rendered":"<p>Dup\u0103 primirea unei comenzi de transport, este necesar s\u0103 se clarifice natura \u00eenc\u0103rc\u0103turii transportate \u0219i valoarea acesteia. De asemenea, este necesar\u0103 \u00een scris (telex, fax) s\u0103 se solicite expeditorului\/clientului instruc\u021biuni scrise privind locul de livrare \u0219i v\u0103muire a m\u0103rfii, precum \u0219i, dac\u0103 este posibil, datele pa\u0219aportului Destinatarului sau alt\u0103 metod\u0103 de identificare. Destinatarul (de exemplu, o parol\u0103 etc.)<br \/>\n1.Controla\u021bi fluxul de informa\u021bii despre marf\u0103. Evita\u021bi recuplarea trenurilor rutiere cu m\u0103rfuri de mare valoare.<br \/>\n2. Elibera\u021bi numai echipamentul care poate fi reparat pe zbor.<br \/>\n3. Ai grija de parcarea pe drum si, cel mai important, la locul de livrare.<br \/>\n4. \u00centreba\u021bi \u00een scris dac\u0103 expeditorul are nevoie de paznici \u00eenarma\u021bi pentru m\u0103rfuri de mare valoare (pe cheltuiala lui)<br \/>\n5. Solicita\u021bi un mesaj telefonic de la \u0219ofer imediat dup\u0103 desc\u0103rcare \u0219i notifica\u021bi imediat (prin fax) destinatarul \u0219i expeditorul (indic\u00e2nd locul \u0219i ora desc\u0103rc\u0103rii.<br \/>\n6. Aduce\u021bi \u00een aten\u021bie \u0219i solicita\u021bi \u0219oferului s\u0103 respecte toate instruc\u021biunile expeditorului, precum \u0219i cerin\u021bele enumerate mai jos Instruc\u021biuni, Memo, Recomand\u0103ri. (cu responsabilitate financiar\u0103 pentru implementarea lor).<br \/>\n<b>Instruc\u021biuni pentru companiile de transport \u0219i \u0219oferii acestora.<\/b><br \/>\nC\u00e2nd accepta\u021bi m\u0103rfurile pentru transport, asigura\u021bi-v\u0103 c\u0103 a\u021bi primit documenta\u021bia necesar\u0103:<br \/>\n1. Foaia de parcurs CMR \u2013 \u00een cazul \u00een care persoana care v\u0103 \u00eencarc\u0103 (transportatorul sau expeditorul) nu v\u0103 d\u0103 scrisoarea de parcurs, trebuie (cu excep\u021bia cazului \u00een care compania dumneavoastr\u0103 v-a indicat altfel) s\u0103 ave\u021bi documentul la dumneavoastr\u0103. Persoana care v\u0103 pred\u0103 m\u0103rfurile trebuie s\u0103 p\u0103streze un exemplar al conosamentului \u0219i s\u0103 semneze cel\u0103lalt exemplar(e) \u0219i s\u0103 vi le predea.<br \/>\n2.Carnet TIR completat de firma sau expeditorul dvs.<br \/>\n3. Factur\u0103 comercial\u0103 (dac\u0103 persoana care v\u0103 pred\u0103 expedierea nu v\u0103 ofer\u0103 o factur\u0103, \u00eentreba\u021bi de ce.)<br \/>\n4. Lista de ambalare (De asemenea, dac\u0103 persoana care v\u0103 pred\u0103 expedierea nu v\u0103 ofer\u0103 o list\u0103 de ambalare, \u00eentreba\u021bi de ce.)<br \/>\n\u00cen func\u021bie de natura \u00eenc\u0103rc\u0103turii transportate, pot fi necesare \u0219i alte documente.<br \/>\nRefuza\u021bi s\u0103 accepta\u021bi expedierea dec\u00e2t dac\u0103 a\u021bi primit toate aceste documente sau dac\u0103 a\u021bi primit instruc\u021biuni clare de la compania dumneavoastr\u0103. Dac\u0103 ave\u021bi \u00eendoieli, v\u0103 rug\u0103m s\u0103 contacta\u021bi compania de transport sau un reprezentant al <b>Companiei de expedi\u021bie<\/b> \u00eenainte de a accepta expedierea pentru transport.<\/p>","protected":false},"excerpt":{"rendered":"<p>Dup\u0103 primirea unei comenzi de transport, este necesar s\u0103 se clarifice natura \u00eenc\u0103rc\u0103turii transportate \u0219i valoarea acesteia. De asemenea, este necesar\u0103 \u00een scris (telex, fax) s\u0103 se solicite expeditorului\/clientului instruc\u021biuni scrise privind locul de livrare \u0219i v\u0103muire a m\u0103rfii, precum \u0219i, dac\u0103 este posibil, datele pa\u0219aportului Destinatarului sau alt\u0103 metod\u0103 de identificare. Destinatarul (de exemplu, [&hellip;]<\/p>\n","protected":false},"author":1,"featured_media":0,"parent":0,"menu_order":0,"comment_status":"closed","ping_status":"closed","template":"","meta":{"footnotes":""},"class_list":["post-1680","page","type-page","status-publish","hentry"],"_links":{"self":[{"href":"https:\/\/moldovatruck.md\/ro\/wp-json\/wp\/v2\/pages\/1680"}],"collection":[{"href":"https:\/\/moldovatruck.md\/ro\/wp-json\/wp\/v2\/pages"}],"about":[{"href":"https:\/\/moldovatruck.md\/ro\/wp-json\/wp\/v2\/types\/page"}],"author":[{"embeddable":true,"href":"https:\/\/moldovatruck.md\/ro\/wp-json\/wp\/v2\/users\/1"}],"replies":[{"embeddable":true,"href":"https:\/\/moldovatruck.md\/ro\/wp-json\/wp\/v2\/comments?post=1680"}],"version-history":[{"count":0,"href":"https:\/\/moldovatruck.md\/ro\/wp-json\/wp\/v2\/pages\/1680\/revisions"}],"wp:attachment":[{"href":"https:\/\/moldovatruck.md\/ro\/wp-json\/wp\/v2\/media?parent=1680"}],"curies":[{"name":"wp","href":"https:\/\/api.w.org\/{rel}","templated":true}]}}