{"id":1678,"date":"2021-07-26T14:03:34","date_gmt":"2021-07-26T11:03:34","guid":{"rendered":"https:\/\/moldovatruck.md\/?page_id=1678"},"modified":"2023-05-20T21:59:23","modified_gmt":"2023-05-20T18:59:23","slug":"rekomendaczii-dlya-transportnoj-kompanii-pri-perevozki-gruzov","status":"publish","type":"page","link":"https:\/\/moldovatruck.md\/ro\/rekomendaczii-dlya-transportnoj-kompanii-pri-perevozki-gruzov\/","title":{"rendered":"Recomand\u0103ri pentru firma de transport \u00een cazul transportului de m\u0103rfuri"},"content":{"rendered":"<p>1. Clarifica\u021bi instruc\u021biunile expeditorului pe care nu le \u00een\u021belege\u021bi<br \/>\n2. Face\u021bi, dac\u0103 este posibil (la expeditor, la vam\u0103, la destinatar), copii ale tuturor documentelor de expediere &#8211; list\u0103 de ambalare, factur\u0103, declara\u021bie vamal\u0103;<br \/>\n3. Asigura\u021bi-v\u0103 c\u0103 nimeni din exterior nu are ocazia s\u0103 v\u0103 studieze documentele. Nota\u021bi numele \u0219i func\u021biile persoanelor (lucr\u0103tori \u00een afaceri interne, vame\u0219i) care au avut acces la documente;<br \/>\n4. Nu discuta\u021bi cu persoane din afar\u0103 detaliile transportului dumneavoastr\u0103 (numele \u0219i costul \u00eenc\u0103rc\u0103turii, locul de livrare, compania destinatarului etc.), dac\u0103 este necesar, induce\u021bi-i \u00een eroare cu privire la natura \u00eenc\u0103rc\u0103turii pe care o transporta\u021bi ;<br \/>\n5. Opri\u021bi noaptea doar la parc\u0103ri p\u0103zite! Parca\u021bi-v\u0103 remorca aproape de alte autotrenuri \u0219i de pere\u021bii cl\u0103dirilor pentru a \u00eengreuna desc\u0103rcarea ma\u0219inii printr-o t\u0103ietur\u0103 \u00een cort;<br \/>\n6. Dac\u0103 ave\u021bi un loc de livrare confirmat de factur\u0103 \u0219i instruc\u021biuni, merge\u021bi doar acolo \u0219i nic\u0103ieri altundeva (pentru a face acest lucru, g\u0103si\u021bi \u00een prealabil adresa pe hart\u0103) sau solicita\u021bi destinatarului s\u0103 v\u0103 \u00eent\u00e2lneasc\u0103 \u0219i s\u0103 v\u0103 \u00eenso\u021beasc\u0103 exact \u00een acest loc ;<br \/>\n7. Nota\u021bi numele persoanei cu care a\u021bi vorbit la telefon, anun\u021b\u00e2nd sosirea \u00eenc\u0103rc\u0103turii \u0219i ora exact\u0103 a fiec\u0103rei conversa\u021bii;<br \/>\n8. Nu intra\u021bi \u00eentr-o conversa\u021bie cu Persoanele care s-au identificat drept destinatar p\u00e2n\u0103 c\u00e2nd nu prezint\u0103 PROCURA DE PRIMI MARF\u0102 \u0218I PASAPORTUL. Nu le ar\u0103ta\u021bi \u00een niciun caz documentele. Dac\u0103 sunte\u021bi amenin\u021bat, contacta\u021bi imediat destinatarul \u0219i poli\u021bia.<br \/>\n9. Nota\u021bi marca \u0219i num\u0103rul ma\u0219inii destinatarului.<br \/>\n10. Dac\u0103 persoana care prime\u0219te bunurile promite c\u0103 va aduce o \u00eemputernicire dup\u0103 un timp, contacta\u021bi din nou destinatarul prin telefon \u0219i confirma\u021bi autoritatea acestei persoane (prin descrierea acesteia) \u0219i nota\u021bi numele persoanei care v-a vorbit \u0219i ora exact\u0103 a conversa\u021biei;<br \/>\n11. Fii mereu cu ma\u0219ina \u0219i cu sarcina! Nu le l\u0103sa\u021bi la dispozi\u021bia destinatarului p\u00e2n\u0103 c\u00e2nd documentele nu sunt finalizate.<br \/>\n12. Cere\u021bi persoanei care \u0219i-a confirmat autoritatea s\u0103 v\u0103 marcheze imediat un certificat de c\u0103l\u0103torie sau o scrisoare de transport cu sigiliu \u0219i semn\u0103tur\u0103 \u00eenainte de a merge la desc\u0103rcare;<br \/>\n13. Studia\u021bi cu aten\u021bie \u0219i urma\u021bi clar toate instruc\u021biunile expeditorului sau expeditorului!;<br \/>\n14. Transfera\u021bi personal documentele vamesului \u00een formular, consemn\u00e2ndu-i numele \u0219i num\u0103rul certificatului;<br \/>\n15. Dup\u0103 desc\u0103rcare, contacta\u021bi din nou destinatarul \u0219i compania dumneavoastr\u0103 \u0219i raporta\u021bi desc\u0103rcarea;<br \/>\n16. Verifica\u021bi cu aten\u021bie numele beneficiarului pe sigiliu;<br \/>\n17.Dac\u0103 are loc o repornire pe o alt\u0103 ma\u0219in\u0103, contacta\u021bi biroul destinatarului \u0219i confirma\u021bi desc\u0103rcarea. Nota\u021bi marca \u0219i num\u0103rul ma\u0219inii;<br \/>\n18. \u00cen caz de probleme, contacta\u021bi imediat compania dumneavoastr\u0103 de transport sau un reprezentant al Companiei de expedi\u021bie.<\/p>\n<p><b>Dac\u0103 ave\u021bi probleme.<\/b><br \/>\n1.Nu pute\u021bi g\u0103si adresa destinatarului;<br \/>\n2. Persoanele aflate la adresa indicata refuza sa accepte marfa si te trimit in alta parte;<br \/>\n3. Ai fost abordat cu o propunere de a desc\u0103rca la alt depozit sau de a re\u00eenc\u0103rca pe un alt utilaj;<br \/>\n4. Instruc\u021biunile dumneavoastr\u0103 scrise nu sunt clare, nu ave\u021bi deloc instruc\u021biuni;<br \/>\n5. Ave\u021bi \u00eendoieli sau dificult\u0103\u021bi legate de livrare.<br \/>\nContacta\u021bi compania dumneavoastr\u0103 sau un reprezentant al companiei de expedi\u021bie. Nu livra\u021bi, sub nicio circumstan\u021b\u0103, un transport c\u0103tre o alt\u0103 adres\u0103 sau persoan\u0103 dec\u00e2t cele specificate \u00een instruc\u021biunile dumneavoastr\u0103 f\u0103r\u0103 permisiunea expres\u0103 a companiei dumneavoastr\u0103.<br \/>\nDac\u0103 este posibil, recalcula\u021bi \u00eenc\u0103rc\u0103tura \u0219i ob\u021bine\u021bi o chitan\u021b\u0103 clar\u0103 pe scrisoarea de tr\u0103sur\u0103 de la destinatar c\u0103 \u00eenc\u0103rc\u0103tura a fost acceptat\u0103 f\u0103r\u0103 comentarii privind cantitatea \u0219i calitatea. Dac\u0103 destinatarul suspecteaz\u0103 o lips\u0103 sau o deteriorare:<br \/>\n1. Nu semna\u021bi niciun act care s\u0103 confirme acest lucru;<br \/>\n2. Contacta\u021bi compania dumneavoastr\u0103 de transport sau un reprezentant al Companiei de expedi\u021bie.<br \/>\ncare v\u0103 va coordona ac\u021biunile \u0219i v\u0103 va oferi instruc\u021biunile necesare; 3. Nu permite\u021bi ridicarea m\u0103rfurilor p\u00e2n\u0103 la efectuarea inspec\u021biei.<br \/>\nDac\u0103 ave\u021bi suspiciuni reale cu privire la desc\u0103rcare sau dac\u0103 a\u021bi fost amenin\u021bat, raporta\u021bi imediat poli\u021biei\/poli\u021biei.<br \/>\nDac\u0103 apar acelea\u0219i probleme cu v\u0103muirea sau ma\u0219ina dvs. este re\u021binut\u0103 la trecerea frontierei din cauza suspiciunii de falsificare a sigiliilor vamale \u0219i a altor mijloace de identificare, contacta\u021bi imediat autorit\u0103\u021bile vamale de la locul t\u0103ierii cu o cerere scris\u0103 \u0219i, prin toate mijloacele, face\u021bi o declara\u021bie la poli\u021bie (poli\u021bie). Contacta\u021bi compania dvs. de transport sau un reprezentant al companiei de expedi\u021bie.<\/p>","protected":false},"excerpt":{"rendered":"<p>1. Clarifica\u021bi instruc\u021biunile expeditorului pe care nu le \u00een\u021belege\u021bi 2. Face\u021bi, dac\u0103 este posibil (la expeditor, la vam\u0103, la destinatar), copii ale tuturor documentelor de expediere &#8211; list\u0103 de ambalare, factur\u0103, declara\u021bie vamal\u0103; 3. Asigura\u021bi-v\u0103 c\u0103 nimeni din exterior nu are ocazia s\u0103 v\u0103 studieze documentele. Nota\u021bi numele \u0219i func\u021biile persoanelor (lucr\u0103tori \u00een afaceri interne, [&hellip;]<\/p>\n","protected":false},"author":1,"featured_media":0,"parent":0,"menu_order":0,"comment_status":"closed","ping_status":"closed","template":"","meta":{"footnotes":""},"class_list":["post-1678","page","type-page","status-publish","hentry"],"_links":{"self":[{"href":"https:\/\/moldovatruck.md\/ro\/wp-json\/wp\/v2\/pages\/1678"}],"collection":[{"href":"https:\/\/moldovatruck.md\/ro\/wp-json\/wp\/v2\/pages"}],"about":[{"href":"https:\/\/moldovatruck.md\/ro\/wp-json\/wp\/v2\/types\/page"}],"author":[{"embeddable":true,"href":"https:\/\/moldovatruck.md\/ro\/wp-json\/wp\/v2\/users\/1"}],"replies":[{"embeddable":true,"href":"https:\/\/moldovatruck.md\/ro\/wp-json\/wp\/v2\/comments?post=1678"}],"version-history":[{"count":0,"href":"https:\/\/moldovatruck.md\/ro\/wp-json\/wp\/v2\/pages\/1678\/revisions"}],"wp:attachment":[{"href":"https:\/\/moldovatruck.md\/ro\/wp-json\/wp\/v2\/media?parent=1678"}],"curies":[{"name":"wp","href":"https:\/\/api.w.org\/{rel}","templated":true}]}}