{"id":1676,"date":"2021-07-26T14:01:27","date_gmt":"2021-07-26T11:01:27","guid":{"rendered":"https:\/\/moldovatruck.md\/?page_id=1676"},"modified":"2023-05-20T21:42:31","modified_gmt":"2023-05-20T18:42:31","slug":"pamyatka-i-rekomendaczii-dlya-perevozchika","status":"publish","type":"page","link":"https:\/\/moldovatruck.md\/ro\/pamyatka-i-rekomendaczii-dlya-perevozchika\/","title":{"rendered":"Pliant \u0219i sfaturi pentru transportator"},"content":{"rendered":"<p>Pentru a asigura conformitatea cu termenii Conven\u021biei TIR 1975, Codul Vamal al Federa\u021biei Ruse \u0219i pentru a preveni \u00eenc\u0103lcarea legisla\u021biei vamale \u00een transportul rutier interna\u021bional, Comitetul Vamal de Stat al Federa\u021biei Ruse reaminte\u0219te:<br \/>\n1. La efectuarea transportului interna\u021bional de marf\u0103, \u0219oferul ac\u021bioneaz\u0103 ca reprezentant al operatorului de transport.<br \/>\n2. La primirea \u00eenc\u0103rc\u0103turii ce urmeaz\u0103 a fi transportat\u0103, este necesar s\u0103 VERIFICA\u021aI dac\u0103 toate informa\u021biile necesare au fost introduse \u00een documente. Documentele de expediere TREBUIE s\u0103 con\u021bin\u0103 informa\u021bii despre greutatea, cantitatea, nomenclatura \u00eenc\u0103rc\u0103turii, codurile acesteia \u00een conformitate cu Sistemul armonizat pentru descrierea \u0219i codificarea m\u0103rfurilor sau conform codurilor TH FEA ale Federa\u021biei Ruse, indic\u00e2nd primele 4 caractere (cifre). ). Foaia de parcurs CMR TREBUIE s\u0103 con\u021bin\u0103 indicarea unui anumit loc de livrare a m\u0103rfurilor (adresa \u0219i denumirea biroului vamal sau a subdiviziunii acestuia), precum \u0219i informa\u021bii despre locul de depozitare temporar\u0103 a m\u0103rfurilor (denumirea \u0219i adresa Depozitului de depozitare temporar\u0103, num\u0103rul licen\u021bei, copia licen\u021bei depozitului de depozitare temporar\u0103 \u0219i data expir\u0103rii acesteia).<br \/>\n3. Nu mai t\u00e2rziu de 30 de minute de la \u00eencheierea operatorului de frontier\u0103 \u0219i de transport, numele biroului vamal din Federa\u021bia Rus\u0103 unde inten\u021bioneaz\u0103 s\u0103 mearg\u0103 \u0219i, \u00een acela\u0219i timp, depune documentele de transport \u0219i expediere agen\u021bilor vamali.<br \/>\n4. Vama de frontier\u0103 TREBUIE SET\u0102 locul de livrare unde operatorul de transport (\u0219oferul) TREBUIE s\u0103 livreze m\u0103rfurile.<br \/>\n5. Dup\u0103 completarea \u0219i ata\u0219area documentelor la frontier\u0103, este necesar\u0103 VERIFICAREA sigiliilor \u0219i semn\u0103turilor (\u0219tampile personale numerotate ale vame\u0219ilor, semn\u0103turile acestora, data \u0219i locul pred\u0103rii \u00een coloanele 22 \u0219i 23 din CARNET TIR verde neamovibil). cotor, \u0219tampila vamal\u0103 care indic\u0103 locul de livrare \u0219i \u0219tampila personal\u0103 numerotat\u0103 \u00een scrisoarea de tr\u0103sur\u0103 CMR) trebuie aplicate.<br \/>\n6. V\u0103mile de frontier\u0103 NU AU DREPTUL de a refuza operatorului de transport (\u0219ofer) s\u0103 aleag\u0103 cea mai bun\u0103 rut\u0103 dac\u0103 documentele de reglementare ale Comitetului Vamal de Stat al Federa\u021biei Ruse nu prev\u0103d altfel pentru transport similar.<br \/>\n7. \u0218oferul TREBUIE s\u0103 respecte limitele de timp \u0219i traseul stabilite de autorit\u0103\u021bile vamale.<br \/>\n8. \u00cen cazul unei defec\u021biuni a vehiculului, deteriorarea sigiliilor \u0219i a sigiliilor sau deteriorarea compartimentului de marf\u0103, \u0219oferul TREBUIE s\u0103 ia m\u0103suri pentru a asigura siguran\u021ba \u00eenc\u0103rc\u0103turii \u0219i s\u0103 contacteze imediat cele mai apropiate autorit\u0103\u021bi vamale.<br \/>\n9. NU ESTE PERMIS ca operatorul de transport (sofer) sa se prezinte in mod independent destinatarului, oriunde inainte ca marfa sa fie prezentata la vama, impreuna cu toate documentele, la locul de livrare desemnat.<br \/>\n10. La sosirea la locul de livrare desemnat, \u0219oferul TREBUIE s\u0103 plaseze vehiculul \u0219i marfa \u00een afara depozitului de depozitare temporar\u0103 \u0219i s\u0103 predea func\u021bionarilor vamali documentele disponibile.<br \/>\n11. Autoritatile vamale de la locul de livrare desemnat NU AU DREPTUL de a refuza operatorului de transport (sofer) acceptarea documentelor. Nu mai t\u00e2rziu de trei ore de la acceptarea documentelor, autorit\u0103\u021bile vamale sunt OBLIGATE s\u0103 elibereze operatorului de transport (\u0219ofer) o confirmare scris\u0103 de sosire \u00een vam\u0103. Acest document r\u0103m\u00e2ne la \u0219ofer.<br \/>\n12. Proprietarul depozitului de depozitare temporar\u0103 la punctul de livrare desemnat NU ARE DREPTUL s\u0103 refuze plasarea \u00eenc\u0103rc\u0103turii \u0219i a vehiculului pe teritoriul depozitului, \u00ceN ORICE MOMENT AL ZILEI, indiferent dac\u0103 are un acord cu operatorul de transport sau destinatarul.<br \/>\n13. Din momentul \u00een care marfa este plasat\u0103 pe teritoriul depozitului de depozitare temporar\u0103 \u0219i p\u00e2n\u0103 la \u00eendeplinirea tuturor formalit\u0103\u021bilor vamale sau p\u00e2n\u0103 la primirea m\u0103rfii de c\u0103tre proprietarul depozitului de depozitare temporar\u0103, operatorul de transport (\u0219oferul) este responsabil pentru siguran\u021b\u0103. a \u00eenc\u0103rc\u0103turii \u00eempreun\u0103 cu proprietarul depozitului.<br \/>\n14. De regul\u0103, \u00een cel mult dou\u0103 ore de la introducerea m\u0103rfii \u00een depozitul de depozitare temporar\u0103, autorit\u0103\u021bile vamale Elibereaz\u0103 \u0219oferul eliberat conform regulilor CMR, CARNET TIR \u0219i prima copie a Certificatului de confirmare a livr\u0103rii m\u0103rfurilor ( CCD), certificat prin sigiliul personal numerotat al vamesului. NU este PERMIS\u0102 plecarea de pe teritoriul depozitului f\u0103r\u0103 aceste documente.<br \/>\n15. La p\u0103r\u0103sirea teritoriului Federa\u021biei Ruse, \u0219oferul TREBUIE s\u0103 prezinte autorit\u0103\u021bilor vamale de frontier\u0103 documentele specificate la paragraful 14. Aceste documente NU TREBUIE L\u0102SA\u021aE la vame\u0219i, ele trebuie ata\u0219ate la Certificat, care confirm\u0103 plecarea vehiculului. de pe teritoriul Federa\u021biei Ruse.<br \/>\n16. La cererea conducatorului auto, vamesii sunt OBLIGATI sa-i puna la dispozitie soferului documentele.<br \/>\n17. \u00cen cazul unor situa\u021bii neprev\u0103zute, contacta\u021bi compania dvs. de transport sau un reprezentant al <b>Compania de expedi\u021bie.<\/b><\/p>\n<p><center>V\u0103 dorim zboruri sigure!<\/center><\/p>","protected":false},"excerpt":{"rendered":"<p>Pentru a asigura conformitatea cu termenii Conven\u021biei TIR 1975, Codul Vamal al Federa\u021biei Ruse \u0219i pentru a preveni \u00eenc\u0103lcarea legisla\u021biei vamale \u00een transportul rutier interna\u021bional, Comitetul Vamal de Stat al Federa\u021biei Ruse reaminte\u0219te: 1. La efectuarea transportului interna\u021bional de marf\u0103, \u0219oferul ac\u021bioneaz\u0103 ca reprezentant al operatorului de transport. 2. La primirea \u00eenc\u0103rc\u0103turii ce urmeaz\u0103 a [&hellip;]<\/p>\n","protected":false},"author":1,"featured_media":0,"parent":0,"menu_order":0,"comment_status":"closed","ping_status":"closed","template":"","meta":{"footnotes":""},"class_list":["post-1676","page","type-page","status-publish","hentry"],"_links":{"self":[{"href":"https:\/\/moldovatruck.md\/ro\/wp-json\/wp\/v2\/pages\/1676"}],"collection":[{"href":"https:\/\/moldovatruck.md\/ro\/wp-json\/wp\/v2\/pages"}],"about":[{"href":"https:\/\/moldovatruck.md\/ro\/wp-json\/wp\/v2\/types\/page"}],"author":[{"embeddable":true,"href":"https:\/\/moldovatruck.md\/ro\/wp-json\/wp\/v2\/users\/1"}],"replies":[{"embeddable":true,"href":"https:\/\/moldovatruck.md\/ro\/wp-json\/wp\/v2\/comments?post=1676"}],"version-history":[{"count":0,"href":"https:\/\/moldovatruck.md\/ro\/wp-json\/wp\/v2\/pages\/1676\/revisions"}],"wp:attachment":[{"href":"https:\/\/moldovatruck.md\/ro\/wp-json\/wp\/v2\/media?parent=1676"}],"curies":[{"name":"wp","href":"https:\/\/api.w.org\/{rel}","templated":true}]}}